{"id":3163,"date":"2020-04-15T10:20:42","date_gmt":"2020-04-15T08:20:42","guid":{"rendered":"https:\/\/rentasunnyplace.com\/confirmacion-de-la-reserva\/transaccion-fallida\/"},"modified":"2020-04-16T11:29:58","modified_gmt":"2020-04-16T09:29:58","slug":"transaccion-fallida","status":"publish","type":"page","link":"https:\/\/rentasunnyplace.com\/es\/confirmacion-de-la-reserva\/transaccion-fallida\/","title":{"rendered":"Transacci\u00f3n fallida"},"content":{"rendered":"<p>Desafortunadamente, su transacci\u00f3n no se puede completar en este momento. Int\u00e9ntelo de nuevo o p\u00f3ngase en contacto con nosotros.<\/p>\n","protected":false},"excerpt":{"rendered":"<p>Desafortunadamente, su transacci\u00f3n no se puede completar en este momento. Int\u00e9ntelo de nuevo o p\u00f3ngase en contacto con nosotros.<\/p>\n","protected":false},"author":1,"featured_media":0,"parent":3149,"menu_order":0,"comment_status":"closed","ping_status":"closed","template":"","meta":{"_acf_changed":false,"_et_pb_use_builder":"","_et_pb_old_content":"","_et_gb_content_width":"","footnotes":""},"class_list":["post-3163","page","type-page","status-publish","hentry"],"acf":[],"_links":{"self":[{"href":"https:\/\/rentasunnyplace.com\/es\/wp-json\/wp\/v2\/pages\/3163","targetHints":{"allow":["GET"]}}],"collection":[{"href":"https:\/\/rentasunnyplace.com\/es\/wp-json\/wp\/v2\/pages"}],"about":[{"href":"https:\/\/rentasunnyplace.com\/es\/wp-json\/wp\/v2\/types\/page"}],"author":[{"embeddable":true,"href":"https:\/\/rentasunnyplace.com\/es\/wp-json\/wp\/v2\/users\/1"}],"replies":[{"embeddable":true,"href":"https:\/\/rentasunnyplace.com\/es\/wp-json\/wp\/v2\/comments?post=3163"}],"version-history":[{"count":0,"href":"https:\/\/rentasunnyplace.com\/es\/wp-json\/wp\/v2\/pages\/3163\/revisions"}],"up":[{"embeddable":true,"href":"https:\/\/rentasunnyplace.com\/es\/wp-json\/wp\/v2\/pages\/3149"}],"wp:attachment":[{"href":"https:\/\/rentasunnyplace.com\/es\/wp-json\/wp\/v2\/media?parent=3163"}],"curies":[{"name":"wp","href":"https:\/\/api.w.org\/{rel}","templated":true}]}}