{"id":3145,"date":"2020-04-15T10:08:02","date_gmt":"2020-04-15T08:08:02","guid":{"rendered":"https:\/\/rentasunnyplace.com\/propietarios\/"},"modified":"2026-02-02T11:50:34","modified_gmt":"2026-02-02T10:50:34","slug":"propietarios","status":"publish","type":"page","link":"https:\/\/rentasunnyplace.com\/es\/propietarios\/","title":{"rendered":"Propietarios"},"content":{"rendered":"<p>[et_pb_section fb_built=\u00bb1&#8243; admin_label=\u00bbHero section\u00bb _builder_version=\u00bb4.16&#8243; use_background_color_gradient=\u00bbon\u00bb background_color_gradient_stops=\u00bbrgba(0,0,0,0.4) 0%|rgba(0,0,0,0.4) 100%\u00bb background_color_gradient_overlays_image=\u00bbon\u00bb background_color_gradient_start=\u00bbrgba(0,0,0,0.4)\u00bb background_color_gradient_end=\u00bbrgba(0,0,0,0.4)\u00bb background_image=\u00bbhttps:\/\/rentasunnyplace.com\/wp-content\/uploads\/2019\/11\/Headers_page_1.jpg\u00bb background_position=\u00bbbottom_center\u00bb custom_margin=\u00bb|||\u00bb custom_padding=\u00bb5%||13%|||\u00bb animation_style=\u00bbfade\u00bb animation_duration=\u00bb400ms\u00bb global_colors_info=\u00bb{}\u00bb][et_pb_row _builder_version=\u00bb4.16&#8243; custom_margin=\u00bb||0px||false|false\u00bb custom_padding=\u00bb0px||0px|||\u00bb global_colors_info=\u00bb{}\u00bb][et_pb_column type=\u00bb4_4&#8243; _builder_version=\u00bb4.16&#8243; custom_padding=\u00bb1px|||\u00bb global_colors_info=\u00bb{}\u00bb custom_padding__hover=\u00bb|||\u00bb][et_pb_text _builder_version=\u00bb4.16&#8243; header_text_align=\u00bbcenter\u00bb header_text_color=\u00bb#ffffff\u00bb header_font_size=\u00bb54px\u00bb text_orientation=\u00bbcenter\u00bb module_alignment=\u00bbcenter\u00bb custom_margin_tablet=\u00bb||10px||false|false\u00bb custom_margin_phone=\u00bb||0px||false|false\u00bb custom_margin_last_edited=\u00bbon|tablet\u00bb header_font_size_tablet=\u00bb44px\u00bb header_font_size_phone=\u00bb32px\u00bb header_font_size_last_edited=\u00bbon|phone\u00bb header_text_shadow_style=\u00bbpreset3&#8243; global_colors_info=\u00bb{}\u00bb]<\/p>\n<h1>Propietarios en la Costa del Sol<\/h1>\n<p>[\/et_pb_text][et_pb_divider color=\u00bb#f39200&#8243; divider_weight=\u00bb3px\u00bb _builder_version=\u00bb4.16&#8243; max_width=\u00bb175px\u00bb module_alignment=\u00bbcenter\u00bb custom_margin_tablet=\u00bb||10px||false|false\u00bb custom_margin_phone=\u00bb4px||4px||true|false\u00bb custom_margin_last_edited=\u00bbon|phone\u00bb global_colors_info=\u00bb{}\u00bb][\/et_pb_divider][\/et_pb_column][\/et_pb_row][\/et_pb_section][et_pb_section fb_built=\u00bb1&#8243; _builder_version=\u00bb4.25.1&#8243; background_color=\u00bb#ffffff\u00bb width=\u00bb80%\u00bb width_tablet=\u00bb\u00bb width_phone=\u00bb90%\u00bb width_last_edited=\u00bbon|phone\u00bb max_width=\u00bb1240px\u00bb module_alignment=\u00bbcenter\u00bb custom_margin=\u00bb-150px||0px||false|false\u00bb custom_margin_tablet=\u00bb-75px||||false|false\u00bb custom_margin_phone=\u00bb-25px||||false|false\u00bb custom_margin_last_edited=\u00bbon|phone\u00bb custom_padding=\u00bb25px||25px||true|true\u00bb animation_style=\u00bbslide\u00bb animation_direction=\u00bbbottom\u00bb animation_duration=\u00bb750ms\u00bb animation_intensity_slide=\u00bb3%\u00bb border_radii=\u00bbon|15px|15px|15px|15px\u00bb border_width_top=\u00bb10px\u00bb border_color_top=\u00bb#f39200&#8243; box_shadow_style=\u00bbpreset1&#8243; global_colors_info=\u00bb{}\u00bb][et_pb_row column_structure=\u00bb1_2,1_2&#8243; _builder_version=\u00bb4.16&#8243; width=\u00bb90%\u00bb global_colors_info=\u00bb{}\u00bb][et_pb_column type=\u00bb1_2&#8243; _builder_version=\u00bb4.16&#8243; global_colors_info=\u00bb{}\u00bb][et_pb_text _builder_version=\u00bb4.16&#8243; custom_padding=\u00bb||2px|||\u00bb global_colors_info=\u00bb{}\u00bb]<\/p>\n<div class=\"alineatype1 realtype1\">\n<p class=\"has-line-data\" data-line-start=\"0\" data-line-end=\"1\"><strong>\u00a1Alquila tu propiedad sin complicaciones con Rentasunnyplace!<\/strong><\/p>\n<p class=\"has-line-data\" data-line-start=\"2\" data-line-end=\"3\">\u00bfEres propietario de una vivienda en la Costa del Sol? \u00bfTe gustar\u00eda alquilarla para generar ingresos adicionales, pero te abruman las tareas que conlleva? \u00bfO quiz\u00e1s ya lo has intentado sin \u00e9xito?<span style=\"color: #ff0000;\"><i>\u00a0<\/i><\/span> \u00a1Rentasunnyplace tiene la soluci\u00f3n perfecta para ti!<\/p>\n<p class=\"has-line-data\" data-line-start=\"4\" data-line-end=\"5\"><strong>\u00bfPor qu\u00e9 elegir Rentasunnyplace?<\/strong><\/p>\n<ul>\n<li><strong><span>Tranquilidad total \u2013 Nos encargamos de todo:<\/span><\/strong><span> Nos encargamos de todo el proceso de alquiler. Somos flexibles y podemos adaptarnos r\u00e1pidamente a sus necesidades personales. <\/span><\/li>\n<li><strong><span>Un \u00fanico punto de contacto dedicado:<\/span><\/strong><span> Cuenta con un gestor \u00fanico que se encargar\u00e1 de todos los aspectos relacionados con el alquiler, garantizando tu total tranquilidad.<\/span><\/li>\n<li><strong><span>Servicio r\u00e1pido y accesible:<\/span><\/strong><span> Siempre estamos disponibles para resolver r\u00e1pidamente cualquier incidencia de manera \u00e1gil, gracias a nuestro equipo local. \u00a1Convertimos el \u201cma\u00f1ana\u201d en \u201choy\u201d!\u00a0Adem\u00e1s, proporcionamos respuestas inmediatas a los posibles hu\u00e9spedes, lo que se traduce en reservas r\u00e1pidas.\u00a0<\/span><\/li>\n<li><strong><span>Alta satisfacci\u00f3n de los hu\u00e9spedes &amp; Reconocimiento:<\/span><\/strong><span> Nuestras propiedades obtienen constantemente excelentes valoraciones debido a nuestro compromiso con la calidad en todos los aspectos: informaci\u00f3n precisa, comunicaci\u00f3n r\u00e1pida, limpieza impecable, y m\u00e1s. Esto genera un alto porcentaje de hu\u00e9spedes recurrentes. Adem\u00e1s, hemos alcanzado el estatus de <br \/><em>Airbnb: Superhost, <\/em><br \/><em>Booking: Genius Host\u00a0<\/em><br \/><em>VRBO: Premier Host,<\/em> lo que aumenta la visibilidad y la confianza de los hu\u00e9spedes.<\/span><\/li>\n<li><strong><span>Registro de hu\u00e9spedes sin complicaciones:<\/span><\/strong><span> Gracias a nuestro formulario pr\u00e1ctico, que se env\u00eda autom\u00e1ticamente tras la reserva, el proceso de registro obligatorio se realiza sin problemas.\u00a0<\/span><\/li>\n<li><strong><span>An\u00e1lisis anual &amp; propuesta de precios de alquiler:<\/span><\/strong><span> Cada a\u00f1o enviamos un an\u00e1lisis del a\u00f1o anterior y, sobre esta base, una propuesta de precios de alquiler ajustados para el a\u00f1o siguiente.<\/span><\/li>\n<li><strong><span>Disponibilidad de limpieza y soporte t\u00e9cnico:<\/span><\/strong><span> Puede contar con un equipo dedicado de limpiadoras capacitadas y t\u00e9cnicos de confianza, cuidadosamente seleccionados por Rentasunnyplace.<\/span><\/li>\n<li><strong><span>Sin \u00e9xito, no hay pago:<\/span><\/strong><span> Operamos bajo un modelo basado en comisiones, lo que significa que solo cobramos cuando la propiedad se alquila.\u00a0 Tu \u00e9xito es nuestro \u00e9xito: estamos dedicados a maximizar tus ingresos por alquiler.<\/span><\/li>\n<\/ul>\n<ul><\/ul>\n<p class=\"has-line-data\" data-line-start=\"12\" data-line-end=\"13\"><strong>M\u00e1s que solo gesti\u00f3n de alquileres<\/strong><\/p>\n<p class=\"has-line-data\" data-line-start=\"14\" data-line-end=\"15\">Rentasunnyplace ofrece servicios adicionales para que disfrutes de una experiencia completamente libre de preocupaciones:\u00a0<\/p>\n<ul>\n<li class=\"has-line-data\" data-line-start=\"16\" data-line-end=\"17\"><strong>Gesti\u00f3n de reformas<\/strong><\/li>\n<li class=\"has-line-data\" data-line-start=\"17\" data-line-end=\"18\"><strong>Instalaci\u00f3n de internet<\/strong><\/li>\n<li class=\"has-line-data\" data-line-start=\"18\" data-line-end=\"19\"><strong>Mantenimiento de jard\u00edn y piscina<\/strong><\/li>\n<li class=\"has-line-data\" data-line-start=\"19\" data-line-end=\"20\"><strong>Gesti\u00f3n de llaves<\/strong><\/li>\n<li class=\"has-line-data\" data-line-start=\"20\" data-line-end=\"21\"><strong>Servicios de limpieza<\/strong><\/li>\n<li class=\"has-line-data\" data-line-start=\"21\" data-line-end=\"23\"><strong>Inspecciones regulares de la propiedad<\/strong><\/li>\n<\/ul>\n<p class=\"has-line-data\" data-line-start=\"23\" data-line-end=\"24\"><strong>M\u00e1s de 10 a\u00f1os de experiencia y confianza<\/strong> <strong><br \/><\/strong><\/p>\n<p class=\"has-line-data\" data-line-start=\"25\" data-line-end=\"26\">Con m\u00e1s de una d\u00e9cada de experiencia en el sector, estamos aqu\u00ed tanto para hu\u00e9spedes como para propietarios. Podemos proporcionar referencias * de clientes internacionales satisfechos bajo solicitud. Adem\u00e1s, utilizamos tecnolog\u00eda avanzada de IA para optimizar los resultados de alquiler.\u00a0<\/p>\n<p class=\"has-line-data\" data-line-start=\"27\" data-line-end=\"28\"><strong>\u00bfEst\u00e1s interesado en comprar una propiedad?<\/strong><\/p>\n<p class=\"has-line-data\" data-line-start=\"29\" data-line-end=\"30\">Si est\u00e1s considerando adquirir una propiedad en la zona, podemos ofrecerte asesoramiento experto. Con nuestra amplia red local, te ayudaremos a encontrar la propiedad ideal.<\/p>\n<p class=\"has-line-data\" data-line-start=\"31\" data-line-end=\"32\">Cont\u00e1ctanos hoy mismo para discutir las posibilidades a trav\u00e9s del formulario de contacto en nuestro sitio web, por correo electr\u00f3nico a <a href=\"mailto:info@rentasunnyplace.com\" class=\"moz-txt-link-freetext\" moz-do-not-send=\"true\">info@rentasunnyplace.com<\/a>, o por tel\u00e9fono\/WhatsApp al +34 664 763 191.<\/p>\n<p><span style=\"font-size: small;\">*01-02-2026<\/span><br \/><span style=\"font-size: small;\">Estimado Jos:<\/span><\/p>\n<p><span style=\"font-size: small;\">Aprovechamos esta oportunidad para agradecerle sinceramente la excelente gesti\u00f3n que ha realizado de nuestros alquileres en Espa\u00f1a durante los \u00faltimos seis a\u00f1os.<\/span><\/p>\n<p><span style=\"font-size: small;\">Apreciamos enormemente su dedicaci\u00f3n, compromiso y profesionalidad. Gracias a su organizaci\u00f3n, accesibilidad y atenci\u00f3n al detalle, siempre pudimos dejarle todo en sus manos con total tranquilidad. Esto nos ha brindado mucha tranquilidad y confianza.<\/span><\/p>\n<p><span style=\"font-size: small;\">La forma en que interactu\u00f3 con los hu\u00e9spedes y resolvi\u00f3 los problemas tambi\u00e9n merece un gran elogio. Sin duda, no es algo que d\u00e9 por sentado hacerlo de forma constante y meticulosa.<\/span><\/p>\n<p><span style=\"font-size: small;\">Gracias de nuevo por todo lo que ha hecho por nosotros durante este tiempo. Recordamos nuestra colaboraci\u00f3n con gran agradecimiento.<\/span><\/p>\n<p><span class=\"JsGRdQ\"><\/span><span style=\"font-size: 17px;\"><\/span><\/p>\n<p><span style=\"font-size: 17px;\">\u00a0<\/span><\/p>\n<\/div>\n<p>[\/et_pb_text][\/et_pb_column][et_pb_column type=\u00bb1_2&#8243; _builder_version=\u00bb4.16&#8243; global_colors_info=\u00bb{}\u00bb][et_pb_text _builder_version=\u00bb4.16&#8243; global_colors_info=\u00bb{}\u00bb]<\/p>\n<h2>Ponte en contacto<\/h2>\n<p>[\/et_pb_text][et_pb_contact_form captcha=\u00bboff\u00bb email=\u00bbinfo@rentasunnyplace.com\u00bb success_message=\u00bb\u00a1Tu mensaje ha sido enviado!\u00bb submit_button_text=\u00bbEnviar\u00bb module_id=\u00bbet_pb_contact_form_0&#8243; _builder_version=\u00bb4.25.1&#8243; _unique_id=\u00bbf74a4ded-023a-4a07-826f-8d0a51f6c5c0&#8243; form_field_background_color=\u00bb#ffffff\u00bb title_font=\u00bbLato|700|||||||\u00bb title_font_size=\u00bb34px\u00bb title_line_height=\u00bb1.8em\u00bb form_field_font=\u00bbLato||||||||\u00bb form_field_font_size=\u00bb16px\u00bb background_color=\u00bbrgba(0,0,0,0)\u00bb custom_button=\u00bbon\u00bb button_border_color=\u00bb#f39200&#8243; button_border_radius=\u00bb5px\u00bb button_custom_margin=\u00bb||||false|false\u00bb button_custom_padding=\u00bb7px|32px|7px|32px|true|true\u00bb custom_margin=\u00bb|||\u00bb custom_padding=\u00bb||||false|false\u00bb border_radii=\u00bbon|6px|6px|6px|6px\u00bb border_width_all=\u00bb2px\u00bb border_color_all=\u00bb#dce2ee\u00bb global_colors_info=\u00bb{}\u00bb button_border_width__hover_enabled=\u00bbon|hover\u00bb button_border_width__hover=\u00bb2px\u00bb][et_pb_contact_field field_id=\u00bbVoornaam\u00bb field_title=\u00bbImportante\u00bb _builder_version=\u00bb4.16&#8243; global_colors_info=\u00bb{}\u00bb button_text_size__hover_enabled=\u00bboff\u00bb button_one_text_size__hover_enabled=\u00bboff\u00bb button_two_text_size__hover_enabled=\u00bboff\u00bb button_text_color__hover_enabled=\u00bboff\u00bb button_one_text_color__hover_enabled=\u00bboff\u00bb button_two_text_color__hover_enabled=\u00bboff\u00bb button_border_width__hover_enabled=\u00bboff\u00bb button_one_border_width__hover_enabled=\u00bboff\u00bb button_two_border_width__hover_enabled=\u00bboff\u00bb button_border_color__hover_enabled=\u00bboff\u00bb button_one_border_color__hover_enabled=\u00bboff\u00bb button_two_border_color__hover_enabled=\u00bboff\u00bb button_border_radius__hover_enabled=\u00bboff\u00bb button_one_border_radius__hover_enabled=\u00bboff\u00bb button_two_border_radius__hover_enabled=\u00bboff\u00bb button_letter_spacing__hover_enabled=\u00bboff\u00bb button_one_letter_spacing__hover_enabled=\u00bboff\u00bb button_two_letter_spacing__hover_enabled=\u00bboff\u00bb button_bg_color__hover_enabled=\u00bboff\u00bb button_one_bg_color__hover_enabled=\u00bboff\u00bb button_two_bg_color__hover_enabled=\u00bboff\u00bb][\/et_pb_contact_field][et_pb_contact_field field_id=\u00bbAchternaam\u00bb field_title=\u00bbApellido\u00bb _builder_version=\u00bb4.25.1&#8243; global_colors_info=\u00bb{}\u00bb button_text_size__hover_enabled=\u00bboff\u00bb button_one_text_size__hover_enabled=\u00bboff\u00bb button_two_text_size__hover_enabled=\u00bboff\u00bb button_text_color__hover_enabled=\u00bboff\u00bb button_one_text_color__hover_enabled=\u00bboff\u00bb button_two_text_color__hover_enabled=\u00bboff\u00bb button_border_width__hover_enabled=\u00bboff\u00bb button_one_border_width__hover_enabled=\u00bboff\u00bb button_two_border_width__hover_enabled=\u00bboff\u00bb button_border_color__hover_enabled=\u00bboff\u00bb button_one_border_color__hover_enabled=\u00bboff\u00bb button_two_border_color__hover_enabled=\u00bboff\u00bb button_border_radius__hover_enabled=\u00bboff\u00bb button_one_border_radius__hover_enabled=\u00bboff\u00bb button_two_border_radius__hover_enabled=\u00bboff\u00bb button_letter_spacing__hover_enabled=\u00bboff\u00bb button_one_letter_spacing__hover_enabled=\u00bboff\u00bb button_two_letter_spacing__hover_enabled=\u00bboff\u00bb button_bg_color__hover_enabled=\u00bboff\u00bb button_one_bg_color__hover_enabled=\u00bboff\u00bb button_two_bg_color__hover_enabled=\u00bboff\u00bb][\/et_pb_contact_field][et_pb_contact_field field_id=\u00bbE-mailadres\u00bb field_title=\u00bbDirecci\u00f3n de correo electr\u00f3nico\u00bb field_type=\u00bbemail\u00bb fullwidth_field=\u00bbon\u00bb _builder_version=\u00bb4.16&#8243; global_colors_info=\u00bb{}\u00bb button_text_size__hover_enabled=\u00bboff\u00bb button_one_text_size__hover_enabled=\u00bboff\u00bb button_two_text_size__hover_enabled=\u00bboff\u00bb button_text_color__hover_enabled=\u00bboff\u00bb button_one_text_color__hover_enabled=\u00bboff\u00bb button_two_text_color__hover_enabled=\u00bboff\u00bb button_border_width__hover_enabled=\u00bboff\u00bb button_one_border_width__hover_enabled=\u00bboff\u00bb button_two_border_width__hover_enabled=\u00bboff\u00bb button_border_color__hover_enabled=\u00bboff\u00bb button_one_border_color__hover_enabled=\u00bboff\u00bb button_two_border_color__hover_enabled=\u00bboff\u00bb button_border_radius__hover_enabled=\u00bboff\u00bb button_one_border_radius__hover_enabled=\u00bboff\u00bb button_two_border_radius__hover_enabled=\u00bboff\u00bb button_letter_spacing__hover_enabled=\u00bboff\u00bb button_one_letter_spacing__hover_enabled=\u00bboff\u00bb button_two_letter_spacing__hover_enabled=\u00bboff\u00bb button_bg_color__hover_enabled=\u00bboff\u00bb button_one_bg_color__hover_enabled=\u00bboff\u00bb button_two_bg_color__hover_enabled=\u00bboff\u00bb][\/et_pb_contact_field][et_pb_contact_field field_id=\u00bbBericht\u00bb field_title=\u00bbMensaje\u00bb field_type=\u00bbtext\u00bb fullwidth_field=\u00bbon\u00bb _builder_version=\u00bb4.16&#8243; global_colors_info=\u00bb{}\u00bb button_text_size__hover_enabled=\u00bboff\u00bb button_one_text_size__hover_enabled=\u00bboff\u00bb button_two_text_size__hover_enabled=\u00bboff\u00bb button_text_color__hover_enabled=\u00bboff\u00bb button_one_text_color__hover_enabled=\u00bboff\u00bb button_two_text_color__hover_enabled=\u00bboff\u00bb button_border_width__hover_enabled=\u00bboff\u00bb button_one_border_width__hover_enabled=\u00bboff\u00bb button_two_border_width__hover_enabled=\u00bboff\u00bb button_border_color__hover_enabled=\u00bboff\u00bb button_one_border_color__hover_enabled=\u00bboff\u00bb button_two_border_color__hover_enabled=\u00bboff\u00bb button_border_radius__hover_enabled=\u00bboff\u00bb button_one_border_radius__hover_enabled=\u00bboff\u00bb button_two_border_radius__hover_enabled=\u00bboff\u00bb button_letter_spacing__hover_enabled=\u00bboff\u00bb button_one_letter_spacing__hover_enabled=\u00bboff\u00bb button_two_letter_spacing__hover_enabled=\u00bboff\u00bb button_bg_color__hover_enabled=\u00bboff\u00bb button_one_bg_color__hover_enabled=\u00bboff\u00bb button_two_bg_color__hover_enabled=\u00bboff\u00bb][\/et_pb_contact_field][\/et_pb_contact_form][\/et_pb_column][\/et_pb_row][\/et_pb_section][et_pb_section fb_built=\u00bb1&#8243; _builder_version=\u00bb4.16&#8243; background_color=\u00bbrgba(0,0,0,0)\u00bb global_colors_info=\u00bb{}\u00bb][et_pb_row _builder_version=\u00bb4.16&#8243; global_colors_info=\u00bb{}\u00bb][et_pb_column type=\u00bb4_4&#8243; _builder_version=\u00bb4.16&#8243; global_colors_info=\u00bb{}\u00bb][\/et_pb_column][\/et_pb_row][\/et_pb_section]<\/p>\n","protected":false},"excerpt":{"rendered":"<p>Propietarios en la Costa del Sol \u00a1Alquila tu propiedad sin complicaciones con Rentasunnyplace! \u00bfEres propietario de una vivienda en la Costa del Sol? \u00bfTe gustar\u00eda alquilarla para generar ingresos adicionales, pero te abruman las tareas que conlleva? \u00bfO quiz\u00e1s ya lo has intentado sin \u00e9xito?\u00a0 \u00a1Rentasunnyplace tiene la soluci\u00f3n perfecta para ti! \u00bfPor qu\u00e9 elegir [&hellip;]<\/p>\n","protected":false},"author":1,"featured_media":0,"parent":0,"menu_order":0,"comment_status":"closed","ping_status":"closed","template":"","meta":{"_acf_changed":false,"_et_pb_use_builder":"on","_et_pb_old_content":"","_et_gb_content_width":"","footnotes":""},"class_list":["post-3145","page","type-page","status-publish","hentry"],"acf":[],"_links":{"self":[{"href":"https:\/\/rentasunnyplace.com\/es\/wp-json\/wp\/v2\/pages\/3145","targetHints":{"allow":["GET"]}}],"collection":[{"href":"https:\/\/rentasunnyplace.com\/es\/wp-json\/wp\/v2\/pages"}],"about":[{"href":"https:\/\/rentasunnyplace.com\/es\/wp-json\/wp\/v2\/types\/page"}],"author":[{"embeddable":true,"href":"https:\/\/rentasunnyplace.com\/es\/wp-json\/wp\/v2\/users\/1"}],"replies":[{"embeddable":true,"href":"https:\/\/rentasunnyplace.com\/es\/wp-json\/wp\/v2\/comments?post=3145"}],"version-history":[{"count":0,"href":"https:\/\/rentasunnyplace.com\/es\/wp-json\/wp\/v2\/pages\/3145\/revisions"}],"wp:attachment":[{"href":"https:\/\/rentasunnyplace.com\/es\/wp-json\/wp\/v2\/media?parent=3145"}],"curies":[{"name":"wp","href":"https:\/\/api.w.org\/{rel}","templated":true}]}}