{"id":3141,"date":"2020-04-15T10:04:23","date_gmt":"2020-04-15T08:04:23","guid":{"rendered":"https:\/\/rentasunnyplace.com\/ambiente\/"},"modified":"2025-12-12T18:26:01","modified_gmt":"2025-12-12T17:26:01","slug":"alrededores","status":"publish","type":"page","link":"https:\/\/rentasunnyplace.com\/es\/alrededores\/","title":{"rendered":"Alrededores"},"content":{"rendered":"<p>[et_pb_section fb_built=\u00bb1&#8243; admin_label=\u00bbHero section\u00bb _builder_version=\u00bb4.16&#8243; use_background_color_gradient=\u00bbon\u00bb background_color_gradient_stops=\u00bbrgba(0,0,0,0.4) 0%|rgba(0,0,0,0.4) 100%\u00bb background_color_gradient_overlays_image=\u00bbon\u00bb background_color_gradient_start=\u00bbrgba(0,0,0,0.4)\u00bb background_color_gradient_end=\u00bbrgba(0,0,0,0.4)\u00bb background_image=\u00bbhttps:\/\/rentasunnyplace.com\/wp-content\/uploads\/2019\/11\/Headers_page_4.jpg\u00bb background_position=\u00bbbottom_center\u00bb custom_margin=\u00bb|||\u00bb custom_padding=\u00bb5%||13%|||\u00bb animation_style=\u00bbfade\u00bb animation_duration=\u00bb500ms\u00bb global_colors_info=\u00bb{}\u00bb][et_pb_row _builder_version=\u00bb4.16&#8243; custom_margin=\u00bb||0px||false|false\u00bb custom_padding=\u00bb0px||0px|||\u00bb global_colors_info=\u00bb{}\u00bb][et_pb_column type=\u00bb4_4&#8243; _builder_version=\u00bb4.16&#8243; custom_padding=\u00bb1px|||\u00bb global_colors_info=\u00bb{}\u00bb custom_padding__hover=\u00bb|||\u00bb][et_pb_text _builder_version=\u00bb4.16&#8243; header_text_align=\u00bbcenter\u00bb header_text_color=\u00bb#ffffff\u00bb header_font_size=\u00bb54px\u00bb text_orientation=\u00bbcenter\u00bb module_alignment=\u00bbcenter\u00bb custom_margin_tablet=\u00bb||10px||false|false\u00bb custom_margin_phone=\u00bb||0px||false|false\u00bb custom_margin_last_edited=\u00bbon|tablet\u00bb header_font_size_tablet=\u00bb44px\u00bb header_font_size_phone=\u00bb32px\u00bb header_font_size_last_edited=\u00bbon|phone\u00bb header_text_shadow_style=\u00bbpreset3&#8243; global_colors_info=\u00bb{}\u00bb]<\/p>\n<h1>La Costa del Sol<\/h1>\n<p>[\/et_pb_text][et_pb_divider color=\u00bb#f39200&#8243; divider_weight=\u00bb3px\u00bb _builder_version=\u00bb4.16&#8243; max_width=\u00bb175px\u00bb module_alignment=\u00bbcenter\u00bb custom_margin_tablet=\u00bb||10px||false|false\u00bb custom_margin_phone=\u00bb4px||4px||true|false\u00bb custom_margin_last_edited=\u00bbon|phone\u00bb global_colors_info=\u00bb{}\u00bb][\/et_pb_divider][et_pb_button button_url=\u00bb@ET-DC@eyJkeW5hbWljIjp0cnVlLCJjb250ZW50IjoicG9zdF9saW5rX3VybF9wYWdlIiwic2V0dGluZ3MiOnsicG9zdF9pZCI6IjI3In19@\u00bb button_text=\u00bbVer oferta\u00bb button_alignment=\u00bbcenter\u00bb _builder_version=\u00bb4.16&#8243; _dynamic_attributes=\u00bbbutton_url\u00bb custom_margin=\u00bb||0px||false|false\u00bb custom_margin_tablet=\u00bb||50px||false|false\u00bb custom_margin_phone=\u00bb||35px||false|false\u00bb custom_margin_last_edited=\u00bbon|phone\u00bb global_colors_info=\u00bb{}\u00bb button_bg_color__hover_enabled=\u00bboff|hover\u00bb button_bg_color__hover=\u00bb#e94e1b\u00bb][\/et_pb_button][\/et_pb_column][\/et_pb_row][\/et_pb_section][et_pb_section fb_built=\u00bb1&#8243; _builder_version=\u00bb4.16&#8243; background_color=\u00bb#ffffff\u00bb width=\u00bb80%\u00bb width_tablet=\u00bb\u00bb width_phone=\u00bb90%\u00bb width_last_edited=\u00bbon|phone\u00bb max_width=\u00bb1240px\u00bb module_alignment=\u00bbcenter\u00bb custom_margin=\u00bb-150px||0px||false|false\u00bb custom_padding=\u00bb50px||50px||true|true\u00bb animation_style=\u00bbslide\u00bb animation_direction=\u00bbbottom\u00bb animation_duration=\u00bb750ms\u00bb animation_intensity_slide=\u00bb2%\u00bb border_radii=\u00bbon|15px|15px|15px|15px\u00bb border_width_top=\u00bb10px\u00bb border_color_top=\u00bb#f39200&#8243; box_shadow_style=\u00bbpreset1&#8243; global_colors_info=\u00bb{}\u00bb][et_pb_row column_structure=\u00bb3_5,2_5&#8243; _builder_version=\u00bb4.16&#8243; width=\u00bb90%\u00bb global_colors_info=\u00bb{}\u00bb][et_pb_column type=\u00bb3_5&#8243; _builder_version=\u00bb4.16&#8243; global_colors_info=\u00bb{}\u00bb][et_pb_text _builder_version=\u00bb4.16&#8243; custom_padding=\u00bb||0px|||\u00bb global_colors_info=\u00bb{}\u00bb]<\/p>\n<h2><strong>Accesibilidad<\/strong><\/h2>\n<p>El aeropuerto est\u00e1 a unos 35 min en coche de Algarrobo.<\/p>\n<p>Se pueden alquilar coches desde 17 \u20ac por semana. Nos complace ayudarle con esto.<\/p>\n<p><span style=\"font-size: 25px; font-weight: bold;\"><\/span><\/p>\n<p><span style=\"font-size: 25px; font-weight: bold;\">Costa del Sol<\/span><\/p>\n<p>La Costa del Sol es una parte larga de 300 km de la costa espa\u00f1ola en el Mar Mediterr\u00e1neo, la costa sur de la regi\u00f3n espa\u00f1ola de Andaluc\u00eda entre Gibraltar y Almer\u00eda. La costa se encuentra en las provincias espa\u00f1olas de M\u00e1laga, C\u00e1diz y Granada.<\/p>\n<p>M\u00e1laga (lugar de nacimiento de Picasso, Museo Picasso) es la principal ciudad costera y tambi\u00e9n separa la popular zona tur\u00edstica occidental con los centros tur\u00edsticos costeros de Torremolinos, Fuengirola, Marbella, Mijas, Manilva y Estepona y el \u00e1rea oriental con las ciudades de Algarrobo. , Torrox y Nerja.<\/p>\n<p>[\/et_pb_text][\/et_pb_column][et_pb_column type=\u00bb2_5&#8243; _builder_version=\u00bb4.16&#8243; global_colors_info=\u00bb{}\u00bb][et_pb_image src=\u00bbhttps:\/\/rentasunnyplace.com\/wp-content\/uploads\/2021\/03\/Nerja-view.jpg\u00bb title_text=\u00bbOLYMPUS DIGITAL CAMERA\u00bb _builder_version=\u00bb4.16&#8243; border_radii=\u00bbon|15px|15px|15px|15px\u00bb global_colors_info=\u00bb{}\u00bb][\/et_pb_image][et_pb_image src=\u00bbhttps:\/\/rentasunnyplace.com\/wp-content\/uploads\/2021\/03\/Torrox-paraplu.jpg\u00bb title_text=\u00bbTorrox paraplu\u00bb _builder_version=\u00bb4.16&#8243; border_radii=\u00bbon|15px|15px|15px|15px\u00bb global_colors_info=\u00bb{}\u00bb][\/et_pb_image][\/et_pb_column][\/et_pb_row][et_pb_row column_structure=\u00bb2_5,3_5&#8243; _builder_version=\u00bb4.16&#8243; width=\u00bb90%\u00bb global_colors_info=\u00bb{}\u00bb][et_pb_column type=\u00bb2_5&#8243; _builder_version=\u00bb4.16&#8243; global_colors_info=\u00bb{}\u00bb][et_pb_image src=\u00bbhttps:\/\/rentasunnyplace.com\/wp-content\/uploads\/2021\/03\/Kanotocht-2.jpg\u00bb title_text=\u00bbKanotocht 2&#8243; _builder_version=\u00bb4.16&#8243; border_radii=\u00bbon|15px|15px|15px|15px\u00bb global_colors_info=\u00bb{}\u00bb][\/et_pb_image][et_pb_image src=\u00bbhttps:\/\/rentasunnyplace.com\/wp-content\/uploads\/2021\/03\/Kanotocht.jpg\u00bb title_text=\u00bbKanotocht\u00bb _builder_version=\u00bb4.16&#8243; border_radii=\u00bbon|15px|15px|15px|15px\u00bb global_colors_info=\u00bb{}\u00bb][\/et_pb_image][\/et_pb_column][et_pb_column type=\u00bb3_5&#8243; _builder_version=\u00bb4.16&#8243; global_colors_info=\u00bb{}\u00bb][et_pb_text _builder_version=\u00bb4.16&#8243; custom_padding=\u00bb||0px|||\u00bb global_colors_info=\u00bb{}\u00bb]<\/p>\n<h2><strong>El clima m\u00e1s suave de Europa<\/strong><\/h2>\n<p>La <strong>proximidad al mar y la refrescante brisa marina<\/strong> lo convierten en un lugar agradable para alojarse en verano. F<span style=\"font-size: 17px;\">rente al sur junto con la protecci\u00f3n del norte gracias a Sierra Nevada (donde se encuentra la segunda monta\u00f1a m\u00e1s alta de Europa), esta regi\u00f3n goza de un microclima \u00fanico. Como resultado, una gran cantidad de frutas tropicales pueden crecer aqu\u00ed, incluida la deliciosa &#8216;chirimoya&#8217;, que no se puede encontrar en ning\u00fan otro lugar de Europa.<\/span><\/p>\n<h2>Los paisajes<\/h2>\n<p>\u00a0Este es el lado mar\u00edtimo de Sierra Tejedo y Sierra de Almijara, una antigua cadena monta\u00f1osa con vistas espectaculares. Adem\u00e1s, esta zona no est\u00e1 invadida por el turismo de masas como el resto de la Costa del Sol: las ciudades y pueblos han conservado su encanto original. Adem\u00e1s, las reservas naturales se mantienen cuidadosamente y la gente est\u00e1 ocupada preservando y protegiendo el paisaje \u00fanico y la flora y fauna especiales.<\/p>\n<p>La zona es ideal para cualquiera que desee descubrir Andaluc\u00eda. Al permanecer en la costa, estar\u00e1 a una distancia razonable de todos los lugares famosos: Granada &#8211; Alhambra, Sevilla. Adem\u00e1s, por supuesto, tambi\u00e9n hay C\u00f3rdoba, Ronda, Sevilla, Gibraltar y Almer\u00eda. La muy querida estaci\u00f3n de esqu\u00ed de Sierra Nevada est\u00e1 a solo 90 minutos en coche. Frigiliana es considerado el pueblo blanco m\u00e1s hermoso, que se encuentra a 4 km al norte de Nerja.<\/p>\n<p>[\/et_pb_text][\/et_pb_column][\/et_pb_row][et_pb_row column_structure=\u00bb3_5,2_5&#8243; _builder_version=\u00bb4.16&#8243; width=\u00bb90%\u00bb custom_padding=\u00bb||2px|||\u00bb global_colors_info=\u00bb{}\u00bb][et_pb_column type=\u00bb3_5&#8243; _builder_version=\u00bb4.16&#8243; global_colors_info=\u00bb{}\u00bb][et_pb_text _builder_version=\u00bb4.16&#8243; custom_padding=\u00bb||2px|||\u00bb global_colors_info=\u00bb{}\u00bb]<\/p>\n<h2><strong>Algarrobo<\/strong><\/h2>\n<p>Algarrobo es un encantador pueblo blanco situado en la hermosa zona monta\u00f1osa de la regi\u00f3n de la Axarqu\u00eda en la provincia espa\u00f1ola de M\u00e1laga, con espectaculares vistas al mar Mediterr\u00e1neo. El pueblo todav\u00eda tiene una apariencia \u00e1rabe con calles estrechas. El R\u00edo de Algarrobo serpentea por el pueblo, lo que le da una agradable sensaci\u00f3n natural.<\/p>\n<p>El pueblo est\u00e1 conectado por carretera a Algarrobo costa, que est\u00e1 a solo 3 km, no lejos de Torre del Mar. Algarrobo se encuentra a unos 40 km al este de M\u00e1laga; + &#8211; 30 minutos en coche.<\/p>\n<p>Algarrobo es un destino de vacaciones perfecto: lejos de las enormes multitudes y la contaminaci\u00f3n ac\u00fastica que inunda la Costa en los meses de verano, pero lo suficientemente cerca como para experimentar algunas de las fiestas.<\/p>\n<p>Algarrobo costa es una zona tur\u00edstica con hermosas playas, restaurantes (de playa) y tiendas.<\/p>\n<p><strong>Golf:<\/strong> El campo de golf Baviera est\u00e1 a solo 10 minutos de Algarrobo.<\/p>\n<p><strong>Clima:<\/strong> Algarrobo disfruta de un clima mediterr\u00e1neo subtropical con veranos calurosos e inviernos c\u00e1lidos. Debido a la proximidad del mar y al viento fresco que lo acompa\u00f1a, es bueno quedarse en verano<span style=\"font-size: 17px;\">\u00a0<\/span><\/p>\n<p>[\/et_pb_text][\/et_pb_column][et_pb_column type=\u00bb2_5&#8243; _builder_version=\u00bb4.16&#8243; global_colors_info=\u00bb{}\u00bb][et_pb_image src=\u00bbhttps:\/\/rentasunnyplace.com\/wp-content\/uploads\/2019\/12\/Speeltuin-rasp.jpg\u00bb _builder_version=\u00bb4.16&#8243; border_radii=\u00bbon|15px|15px|15px|15px\u00bb global_colors_info=\u00bb{}\u00bb][\/et_pb_image][et_pb_image src=\u00bbhttps:\/\/rentasunnyplace.com\/wp-content\/uploads\/2021\/03\/Snorkelen.jpg\u00bb title_text=\u00bbSnorkelen\u00bb _builder_version=\u00bb4.16&#8243; border_radii=\u00bbon|15px|15px|15px|15px\u00bb global_colors_info=\u00bb{}\u00bb][\/et_pb_image][\/et_pb_column][\/et_pb_row][et_pb_row column_structure=\u00bb2_5,3_5&#8243; _builder_version=\u00bb4.16&#8243; width=\u00bb90%\u00bb global_colors_info=\u00bb{}\u00bb][et_pb_column type=\u00bb2_5&#8243; _builder_version=\u00bb4.16&#8243; global_colors_info=\u00bb{}\u00bb][et_pb_image src=\u00bbhttps:\/\/rentasunnyplace.com\/wp-content\/uploads\/2019\/11\/Torrox.jpg\u00bb _builder_version=\u00bb4.16&#8243; border_radii=\u00bbon|15px|15px|15px|15px\u00bb global_colors_info=\u00bb{}\u00bb][\/et_pb_image][\/et_pb_column][et_pb_column type=\u00bb3_5&#8243; _builder_version=\u00bb4.16&#8243; global_colors_info=\u00bb{}\u00bb][et_pb_text _builder_version=\u00bb4.16&#8243; custom_padding=\u00bb||0px|||\u00bb global_colors_info=\u00bb{}\u00bb]<\/p>\n<h2><strong>Torrox<\/strong><\/h2>\n<p>En la costa de la Costa del Sol encontrar\u00e1s el bonito pueblo de Torrox Costa.<\/p>\n<p>Es un peque\u00f1o balneario con una hermosa playa de arena larga. Un animado bulevar discurre a lo largo de esta playa donde tambi\u00e9n encontrar\u00e1 tiendas y varios restaurantes. <br \/>El bulevar es ideal para caminar, trotar, andar, ir en bicicleta o patinar.<\/p>\n<p>Cuando est\u00e9s en Torrox Costa, no olvides visitar el pueblo original de Torrox Pueblo. Encontrar\u00e1 este pueblo tierra adentro a unos cuatro kil\u00f3metros de Torrox Costa. El pueblo est\u00e1 muy bien situado en una colina, desde donde se tiene una hermosa vista del mar. En el pueblo no hay mucho que hacer, \u00a1pero definitivamente vale la pena visitarlo!<\/p>\n<p>Torrox Costa tambi\u00e9n est\u00e1 muy bien ubicado. Est\u00e1s en otras bonitas ciudades costeras como Nerja, Frigiliana y Algarrobo y en coche est\u00e1s en el hermoso interior.<\/p>\n<p>\u00a1Visite los pueblos aut\u00e9nticos aqu\u00ed para experimentar la verdadera atm\u00f3sfera espa\u00f1ola!<\/p>\n<p>[\/et_pb_text][\/et_pb_column][\/et_pb_row][et_pb_row column_structure=\u00bb3_5,2_5&#8243; _builder_version=\u00bb4.16&#8243; width=\u00bb90%\u00bb custom_padding=\u00bb||0px|||\u00bb global_colors_info=\u00bb{}\u00bb][et_pb_column type=\u00bb3_5&#8243; _builder_version=\u00bb4.16&#8243; global_colors_info=\u00bb{}\u00bb][et_pb_text _builder_version=\u00bb4.16&#8243; custom_padding=\u00bb||0px|||\u00bb global_colors_info=\u00bb{}\u00bb]<\/p>\n<h2><strong>Nerja<\/strong><\/h2>\n<p>Nerja es un municipio de la provincia espa\u00f1ola de M\u00e1laga en la regi\u00f3n de Andaluc\u00eda con una superficie de 85 km2. En 2007 Nerja ten\u00eda 20.796 habitantes.<\/p>\n<p>Nerja se encuentra en la costa del mar Mediterr\u00e1neo, a m\u00e1s de 50 kil\u00f3metros al este de M\u00e1laga y forma la ladera oriental de la Costa del Sol. En Nerja puedes encontrar unos 16 kil\u00f3metros de playa. Los deportes acu\u00e1ticos y el turismo son, por lo tanto, importantes fuentes de ingresos. Adem\u00e1s, Nerja es conocida por el Balc\u00f3n de Europa, un paseo mar\u00edtimo en el centro sobre un acantilado que se proyecta hacia el mar. Al este de la ciudad hay una serie de peque\u00f1as playas y calas protegidas, separadas por acantilados y otras rocas.<\/p>\n<p>A las afueras de Nerja hay cuevas de estalactitas (Cueva de Nerja) donde se han realizado muchos hallazgos arqueol\u00f3gicos y se han encontrado murales de unos 20,000 a\u00f1os de antig\u00fcedad.\u00a0<span style=\"font-size: 17px;\">A las afueras de Nerja se encuentran cuevas de piedra goteando (Cueva de Nerja) donde se han realizado muchos hallazgos arqueol\u00f3gicos y donde se han encontrado murales de unos 20.000 a\u00f1os.<\/span><\/p>\n<p>Al este de Nerja hay varias hermosas playas donde se puede bucear y bucear.<\/p>\n<p>&nbsp;<\/p>\n<p>&nbsp;<\/p>\n<p>[\/et_pb_text][\/et_pb_column][et_pb_column type=\u00bb2_5&#8243; _builder_version=\u00bb4.16&#8243; global_colors_info=\u00bb{}\u00bb][et_pb_image src=\u00bbhttps:\/\/rentasunnyplace.com\/wp-content\/uploads\/2019\/11\/Nerja.jpg\u00bb _builder_version=\u00bb4.16&#8243; border_radii=\u00bbon|15px|15px|15px|15px\u00bb global_colors_info=\u00bb{}\u00bb][\/et_pb_image][et_pb_image src=\u00bbhttps:\/\/rentasunnyplace.com\/wp-content\/uploads\/2021\/03\/Snorkelen-2.jpg\u00bb title_text=\u00bbSnorkelen 2&#8243; _builder_version=\u00bb4.16&#8243; border_radii=\u00bbon|15px|15px|15px|15px\u00bb global_colors_info=\u00bb{}\u00bb][\/et_pb_image][\/et_pb_column][\/et_pb_row][et_pb_row column_structure=\u00bb3_5,2_5&#8243; _builder_version=\u00bb4.16&#8243; width=\u00bb90%\u00bb custom_padding=\u00bb||0px|||\u00bb global_colors_info=\u00bb{}\u00bb][et_pb_column type=\u00bb3_5&#8243; _builder_version=\u00bb4.16&#8243; global_colors_info=\u00bb{}\u00bb][et_pb_text _builder_version=\u00bb4.16&#8243; custom_padding=\u00bb||0px|||\u00bb global_colors_info=\u00bb{}\u00bb]<\/p>\n<h2><strong>Golf<\/strong><\/h2>\n<p>Hay un campo de golf a poca distancia de nuestras villas. M\u00e1s informaci\u00f3n en:<\/p>\n<p><span style=\"font-size: 17px;\"><a href=\"https:\/\/bavieragolf.com\/\">https:\/\/bavieragolf.com<\/a><\/span><\/p>\n<p><span style=\"font-size: 17px;\"><\/span><\/p>\n<p>[\/et_pb_text][\/et_pb_column][et_pb_column type=\u00bb2_5&#8243; _builder_version=\u00bb4.16&#8243; global_colors_info=\u00bb{}\u00bb][\/et_pb_column][\/et_pb_row][et_pb_row column_structure=\u00bb3_5,2_5&#8243; _builder_version=\u00bb4.16&#8243; width=\u00bb90%\u00bb custom_padding=\u00bb||0px|||\u00bb global_colors_info=\u00bb{}\u00bb][et_pb_column type=\u00bb3_5&#8243; _builder_version=\u00bb4.16&#8243; global_colors_info=\u00bb{}\u00bb][et_pb_text _builder_version=\u00bb4.25.1&#8243; custom_padding=\u00bb||0px|||\u00bb hover_enabled=\u00bb0&#8243; global_colors_info=\u00bb{}\u00bb sticky_enabled=\u00bb0&#8243;]<\/p>\n<h2><strong><\/strong><\/h2>\n<h2><strong>Videos<\/strong><\/h2>\n<p>Vea tambi\u00e9n los videos a continuaci\u00f3n para una impresi\u00f3n de los hermosos alrededores aqu\u00ed:<\/p>\n<p>[\/et_pb_text][\/et_pb_column][et_pb_column type=\u00bb2_5&#8243; _builder_version=\u00bb4.16&#8243; global_colors_info=\u00bb{}\u00bb][\/et_pb_column][\/et_pb_row][et_pb_row column_structure=\u00bb1_2,1_2&#8243; _builder_version=\u00bb4.25.1&#8243; _module_preset=\u00bbdefault\u00bb width=\u00bb90%\u00bb custom_padding=\u00bb||||false|false\u00bb locked=\u00bboff\u00bb global_colors_info=\u00bb{}\u00bb][et_pb_column type=\u00bb1_2&#8243; _builder_version=\u00bb4.25.1&#8243; _module_preset=\u00bbdefault\u00bb background_color=\u00bb#faf8f6&#8243; custom_padding=\u00bb||||false|false\u00bb border_radii=\u00bbon|6px|6px|6px|6px\u00bb global_colors_info=\u00bb{}\u00bb][et_pb_video src=\u00bbhttps:\/\/www.youtube.com\/watch?v=NwUPWf0KQxk\u00bb image_src=\u00bb\/\/i.ytimg.com\/vi\/NwUPWf0KQxk\/hqdefault.jpg\u00bb _builder_version=\u00bb4.25.1&#8243; _module_preset=\u00bbdefault\u00bb custom_margin=\u00bb||0px||false|false\u00bb custom_padding=\u00bb||0px||false|false\u00bb global_colors_info=\u00bb{}\u00bb][\/et_pb_video][et_pb_text _builder_version=\u00bb4.25.1&#8243; _module_preset=\u00bbdefault\u00bb custom_margin=\u00bb10px||10px||true|false\u00bb global_colors_info=\u00bb{}\u00bb]<\/p>\n<p style=\"text-align: center;\"><strong>Torrox<\/strong><\/p>\n<p>[\/et_pb_text][\/et_pb_column][et_pb_column type=\u00bb1_2&#8243; _builder_version=\u00bb4.25.1&#8243; _module_preset=\u00bbdefault\u00bb background_color=\u00bb#faf8f6&#8243; custom_padding=\u00bb||||false|false\u00bb border_radii=\u00bbon|6px|6px|6px|6px\u00bb global_colors_info=\u00bb{}\u00bb][et_pb_video src=\u00bbhttps:\/\/www.youtube.com\/watch?v=nkHgrQOfF-c\u00bb image_src=\u00bb\/\/i.ytimg.com\/vi\/nkHgrQOfF-c\/hqdefault.jpg\u00bb _builder_version=\u00bb4.25.1&#8243; _module_preset=\u00bbdefault\u00bb global_colors_info=\u00bb{}\u00bb][\/et_pb_video][et_pb_text _builder_version=\u00bb4.25.1&#8243; _module_preset=\u00bbdefault\u00bb custom_margin=\u00bb10px||10px||true|false\u00bb locked=\u00bboff\u00bb global_colors_info=\u00bb{}\u00bb]<\/p>\n<p style=\"text-align: center;\"><strong>Torrox<\/strong><\/p>\n<p>[\/et_pb_text][\/et_pb_column][\/et_pb_row][et_pb_row column_structure=\u00bb1_2,1_2&#8243; _builder_version=\u00bb4.25.1&#8243; _module_preset=\u00bbdefault\u00bb width=\u00bb90%\u00bb custom_padding=\u00bb0px|||||\u00bb locked=\u00bboff\u00bb global_colors_info=\u00bb{}\u00bb][et_pb_column type=\u00bb1_2&#8243; _builder_version=\u00bb4.25.1&#8243; _module_preset=\u00bbdefault\u00bb background_color=\u00bb#faf8f6&#8243; custom_padding=\u00bb||||false|false\u00bb border_radii=\u00bbon|6px|6px|6px|6px\u00bb global_colors_info=\u00bb{}\u00bb][et_pb_video src=\u00bbhttps:\/\/www.youtube.com\/watch?v=Edia-aTfegE\u00bb image_src=\u00bb\/\/i.ytimg.com\/vi\/Edia-aTfegE\/hqdefault.jpg\u00bb _builder_version=\u00bb4.25.1&#8243; _module_preset=\u00bbdefault\u00bb global_colors_info=\u00bb{}\u00bb][\/et_pb_video][et_pb_text _builder_version=\u00bb4.25.1&#8243; _module_preset=\u00bbdefault\u00bb custom_margin=\u00bb10px||10px||true|false\u00bb locked=\u00bboff\u00bb global_colors_info=\u00bb{}\u00bb]<\/p>\n<p style=\"text-align: center;\"><strong>Nerja (M\u00e1laga)<\/strong><\/p>\n<p>[\/et_pb_text][\/et_pb_column][et_pb_column type=\u00bb1_2&#8243; _builder_version=\u00bb4.25.1&#8243; _module_preset=\u00bbdefault\u00bb background_color=\u00bb#faf8f6&#8243; custom_padding=\u00bb||||false|false\u00bb border_radii=\u00bbon|6px|6px|6px|6px\u00bb global_colors_info=\u00bb{}\u00bb][et_pb_video src=\u00bbhttps:\/\/www.youtube.com\/watch?v=NV-9GFX-bHw\u00bb image_src=\u00bb\/\/i.ytimg.com\/vi\/NV-9GFX-bHw\/hqdefault.jpg\u00bb _builder_version=\u00bb4.25.1&#8243; _module_preset=\u00bbdefault\u00bb global_colors_info=\u00bb{}\u00bb][\/et_pb_video][et_pb_text _builder_version=\u00bb4.25.1&#8243; _module_preset=\u00bbdefault\u00bb custom_margin=\u00bb10px||10px||true|false\u00bb locked=\u00bboff\u00bb global_colors_info=\u00bb{}\u00bb]<\/p>\n<p style=\"text-align: center;\"><strong>Nerja (M\u00e1laga)<\/strong><\/p>\n<p>[\/et_pb_text][\/et_pb_column][\/et_pb_row][et_pb_row column_structure=\u00bb1_2,1_2&#8243; _builder_version=\u00bb4.25.1&#8243; _module_preset=\u00bbdefault\u00bb width=\u00bb90%\u00bb custom_padding=\u00bb0px|||||\u00bb global_colors_info=\u00bb{}\u00bb locked=\u00bboff\u00bb][et_pb_column type=\u00bb1_2&#8243; _builder_version=\u00bb4.25.1&#8243; _module_preset=\u00bbdefault\u00bb background_color=\u00bb#faf8f6&#8243; custom_padding=\u00bb||||false|false\u00bb border_radii=\u00bbon|6px|6px|6px|6px\u00bb global_colors_info=\u00bb{}\u00bb][et_pb_video src=\u00bbhttps:\/\/www.youtube.com\/watch?v=C5g_V3zw0Sc\u00bb image_src=\u00bb\/\/i.ytimg.com\/vi\/C5g_V3zw0Sc\/hqdefault.jpg\u00bb _builder_version=\u00bb4.25.1&#8243; _module_preset=\u00bbdefault\u00bb custom_margin=\u00bb||0px||false|false\u00bb custom_padding=\u00bb||0px||false|false\u00bb global_colors_info=\u00bb{}\u00bb][\/et_pb_video][et_pb_text _builder_version=\u00bb4.25.1&#8243; _module_preset=\u00bbdefault\u00bb custom_margin=\u00bb10px||10px||true|false\u00bb global_colors_info=\u00bb{}\u00bb]<\/p>\n<p style=\"text-align: center;\"><strong> Vi\u00f1uela<\/strong><\/p>\n<p>[\/et_pb_text][\/et_pb_column][et_pb_column type=\u00bb1_2&#8243; _builder_version=\u00bb4.25.1&#8243; _module_preset=\u00bbdefault\u00bb background_color=\u00bb#faf8f6&#8243; custom_padding=\u00bb||||false|false\u00bb border_radii=\u00bbon|6px|6px|6px|6px\u00bb global_colors_info=\u00bb{}\u00bb][\/et_pb_column][\/et_pb_row][\/et_pb_section][et_pb_section fb_built=\u00bb1&#8243; _builder_version=\u00bb4.16&#8243; background_color=\u00bbrgba(0,0,0,0)\u00bb global_colors_info=\u00bb{}\u00bb][et_pb_row _builder_version=\u00bb4.16&#8243; global_colors_info=\u00bb{}\u00bb][et_pb_column type=\u00bb4_4&#8243; _builder_version=\u00bb4.16&#8243; global_colors_info=\u00bb{}\u00bb][\/et_pb_column][\/et_pb_row][\/et_pb_section]<\/p>\n","protected":false},"excerpt":{"rendered":"<p>La Costa del SolAccesibilidad El aeropuerto est\u00e1 a unos 35 min en coche de Algarrobo. Se pueden alquilar coches desde 17 \u20ac por semana. Nos complace ayudarle con esto. Costa del Sol La Costa del Sol es una parte larga de 300 km de la costa espa\u00f1ola en el Mar Mediterr\u00e1neo, la costa sur de [&hellip;]<\/p>\n","protected":false},"author":1,"featured_media":0,"parent":0,"menu_order":0,"comment_status":"closed","ping_status":"closed","template":"","meta":{"_acf_changed":false,"_et_pb_use_builder":"on","_et_pb_old_content":"","_et_gb_content_width":"","footnotes":""},"class_list":["post-3141","page","type-page","status-publish","hentry"],"acf":[],"_links":{"self":[{"href":"https:\/\/rentasunnyplace.com\/es\/wp-json\/wp\/v2\/pages\/3141","targetHints":{"allow":["GET"]}}],"collection":[{"href":"https:\/\/rentasunnyplace.com\/es\/wp-json\/wp\/v2\/pages"}],"about":[{"href":"https:\/\/rentasunnyplace.com\/es\/wp-json\/wp\/v2\/types\/page"}],"author":[{"embeddable":true,"href":"https:\/\/rentasunnyplace.com\/es\/wp-json\/wp\/v2\/users\/1"}],"replies":[{"embeddable":true,"href":"https:\/\/rentasunnyplace.com\/es\/wp-json\/wp\/v2\/comments?post=3141"}],"version-history":[{"count":0,"href":"https:\/\/rentasunnyplace.com\/es\/wp-json\/wp\/v2\/pages\/3141\/revisions"}],"wp:attachment":[{"href":"https:\/\/rentasunnyplace.com\/es\/wp-json\/wp\/v2\/media?parent=3141"}],"curies":[{"name":"wp","href":"https:\/\/api.w.org\/{rel}","templated":true}]}}