{"id":3138,"date":"2020-04-15T10:01:18","date_gmt":"2020-04-15T08:01:18","guid":{"rendered":"https:\/\/rentasunnyplace.com\/quienes-somos\/"},"modified":"2026-04-03T10:29:31","modified_gmt":"2026-04-03T08:29:31","slug":"quienes-somos","status":"publish","type":"page","link":"https:\/\/rentasunnyplace.com\/es\/quienes-somos\/","title":{"rendered":"\u00bfQui\u00e9nes somos?"},"content":{"rendered":"<p>[et_pb_section fb_built=\u00bb1&#8243; admin_label=\u00bbHero section\u00bb _builder_version=\u00bb4.16&#8243; use_background_color_gradient=\u00bbon\u00bb background_color_gradient_stops=\u00bbrgba(0,0,0,0.4) 0%|rgba(0,0,0,0.4) 100%\u00bb background_color_gradient_overlays_image=\u00bbon\u00bb background_color_gradient_start=\u00bbrgba(0,0,0,0.4)\u00bb background_color_gradient_end=\u00bbrgba(0,0,0,0.4)\u00bb background_image=\u00bbhttps:\/\/rentasunnyplace.com\/wp-content\/uploads\/2019\/11\/Headers_page_5.jpg\u00bb background_position=\u00bbbottom_center\u00bb custom_margin=\u00bb|||\u00bb custom_padding=\u00bb5%||13%|||\u00bb animation_style=\u00bbfade\u00bb animation_duration=\u00bb400ms\u00bb global_colors_info=\u00bb{}\u00bb][et_pb_row _builder_version=\u00bb4.16&#8243; custom_margin=\u00bb||0px||false|false\u00bb custom_padding=\u00bb0px||0px|||\u00bb global_colors_info=\u00bb{}\u00bb][et_pb_column type=\u00bb4_4&#8243; _builder_version=\u00bb4.16&#8243; custom_padding=\u00bb1px|||\u00bb global_colors_info=\u00bb{}\u00bb custom_padding__hover=\u00bb|||\u00bb][et_pb_text _builder_version=\u00bb4.16&#8243; header_text_align=\u00bbcenter\u00bb header_text_color=\u00bb#ffffff\u00bb header_font_size=\u00bb54px\u00bb text_orientation=\u00bbcenter\u00bb module_alignment=\u00bbcenter\u00bb custom_margin_tablet=\u00bb||10px||false|false\u00bb custom_margin_phone=\u00bb||0px||false|false\u00bb custom_margin_last_edited=\u00bbon|tablet\u00bb header_font_size_tablet=\u00bb44px\u00bb header_font_size_phone=\u00bb32px\u00bb header_font_size_last_edited=\u00bbon|phone\u00bb header_text_shadow_style=\u00bbpreset3&#8243; global_colors_info=\u00bb{}\u00bb]<\/p>\n<h1>Rent A Sunny Place<\/h1>\n<p>[\/et_pb_text][et_pb_divider color=\u00bb#f39200&#8243; divider_weight=\u00bb3px\u00bb _builder_version=\u00bb4.16&#8243; max_width=\u00bb175px\u00bb module_alignment=\u00bbcenter\u00bb custom_margin_tablet=\u00bb||10px||false|false\u00bb custom_margin_phone=\u00bb4px||4px||true|false\u00bb custom_margin_last_edited=\u00bbon|phone\u00bb global_colors_info=\u00bb{}\u00bb][\/et_pb_divider][et_pb_button button_url=\u00bb@ET-DC@eyJkeW5hbWljIjp0cnVlLCJjb250ZW50IjoicG9zdF9saW5rX3VybF9wYWdlIiwic2V0dGluZ3MiOnsicG9zdF9pZCI6IjI3In19@\u00bb button_text=\u00bbPonte en contacto\u00bb button_alignment=\u00bbcenter\u00bb _builder_version=\u00bb4.16&#8243; _dynamic_attributes=\u00bbbutton_url\u00bb custom_margin=\u00bb||0px||false|false\u00bb custom_margin_tablet=\u00bb||50px||false|false\u00bb custom_margin_phone=\u00bb||35px||false|false\u00bb custom_margin_last_edited=\u00bbon|phone\u00bb global_colors_info=\u00bb{}\u00bb button_bg_color__hover_enabled=\u00bboff|hover\u00bb button_bg_color__hover=\u00bb#e94e1b\u00bb][\/et_pb_button][\/et_pb_column][\/et_pb_row][\/et_pb_section][et_pb_section fb_built=\u00bb1&#8243; _builder_version=\u00bb4.16&#8243; background_color=\u00bb#fafafa\u00bb width=\u00bb80%\u00bb width_tablet=\u00bb\u00bb width_phone=\u00bb90%\u00bb width_last_edited=\u00bbon|phone\u00bb max_width=\u00bb1240px\u00bb module_alignment=\u00bbcenter\u00bb custom_margin=\u00bb-150px||0px||false|false\u00bb custom_padding=\u00bb25px||25px||true|true\u00bb animation_style=\u00bbslide\u00bb animation_direction=\u00bbbottom\u00bb animation_duration=\u00bb750ms\u00bb animation_intensity_slide=\u00bb3%\u00bb border_radii=\u00bbon|15px|15px|15px|15px\u00bb border_width_top=\u00bb10px\u00bb border_color_top=\u00bb#f39200&#8243; box_shadow_style=\u00bbpreset1&#8243; global_colors_info=\u00bb{}\u00bb][et_pb_row column_structure=\u00bb1_2,1_2&#8243; _builder_version=\u00bb4.16&#8243; width=\u00bb90%\u00bb min_height=\u00bb1377.8px\u00bb custom_padding=\u00bb||443px|||\u00bb global_colors_info=\u00bb{}\u00bb][et_pb_column type=\u00bb1_2&#8243; _builder_version=\u00bb4.16&#8243; global_colors_info=\u00bb{}\u00bb][et_pb_text _builder_version=\u00bb4.16&#8243; custom_padding=\u00bb||2px|||\u00bb global_colors_info=\u00bb{}\u00bb]<\/p>\n<div id=\"preview1\" class=\"g-b g-b--t1of2 split split-preview\" style=\"height: 755px;\">\n<div id=\"preview\" class=\"preview-html\">\n<p class=\"has-line-data\" data-line-start=\"0\" data-line-end=\"1\"><strong>Bienvenido a Rentasunnyplace \u2013 Su Especialista en Alquileres de Vacaciones de Lujo en la Costa del Sol<\/strong><\/p>\n<p class=\"has-line-data\" data-line-start=\"2\" data-line-end=\"3\">En Rentasunnyplace, nos especializamos en el alquiler de viviendas de lujo en la soleada Costa del Sol, al este de M\u00e1laga. Con m\u00e1s de 10 a\u00f1os de experiencia, nos dedicamos a crear experiencias vacacionales inolvidables a trav\u00e9s de un servicio personalizado y una atenci\u00f3n meticulosa al detalle. Nuestras propiedades, cuidadosamente seleccionadas y ubicadas en entornos naturales impresionantes o junto al mar, ofrecen una amplia gama de comodidades exclusivas, como piscinas privadas.<\/p>\n<h3 data-section-id=\"lm2lo0\" data-start=\"57\" data-end=\"95\"><span style=\"font-size: medium;\">Nuestro Papel como Intermediario<\/span><\/h3>\n<p data-start=\"96\" data-end=\"320\">RentaSunnyPlace gestiona viviendas vacacionales en nombre de los propietarios. Actuamos \u00fanicamente como intermediario: el contrato de alquiler y los pagos siempre se realizan directamente entre el hu\u00e9sped y el propietario.<\/p>\n<p class=\"has-line-data\" data-line-start=\"4\" data-line-end=\"5\"><strong>\u00bfPor qu\u00e9 elegir Rentasunnyplace?<\/strong><\/p>\n<ul>\n<li class=\"has-line-data\" data-line-start=\"6\" data-line-end=\"7\"><strong>Viviendas de vacaciones seleccionadas personalmente:<\/strong> Cada propiedad es visitada e inspeccionada por nosotros para garantizar los m\u00e1s altos est\u00e1ndares de calidad y confort.<\/li>\n<li class=\"has-line-data\" data-line-start=\"7\" data-line-end=\"8\"><strong>Ubicaciones hermosas:<\/strong> Nuestras viviendas est\u00e1n situadas entre Rinc\u00f3n de la Victoria y Nerja, una regi\u00f3n famosa por su impresionante belleza natural y por tener \u201cEl Mejor Clima de Europa\u201d.\u00a0 <span style=\"color: #ff0000;\"><i> <\/i><\/span><\/li>\n<li class=\"has-line-data\" data-line-start=\"8\" data-line-end=\"10\"><strong>Variedad en niveles de lujo:<\/strong>Utilizamos un sistema de clasificaci\u00f3n por estrellas para nuestras propiedades, con 5 estrellas representando el nivel m\u00e1s alto de lujo, para que sepa exactamente qu\u00e9 esperar.\u00a0<i><span style=\"color: #ff0000;\"><br \/><\/span><\/i><\/li>\n<li class=\"has-line-data\" data-line-start=\"8\" data-line-end=\"10\"><strong>Sin costes de comisi\u00f3n:<\/strong> pagas directamente al propietario.<\/li>\n<\/ul>\n<p class=\"has-line-data\" data-line-start=\"10\" data-line-end=\"11\"><strong>Asesoramiento gratuito y servicio personalizado para todas las necesidades de nuestros hu\u00e9spedes<\/strong><\/p>\n<p class=\"has-line-data\" data-line-start=\"12\" data-line-end=\"13\">Ya sea que est\u00e9 buscando una villa con piscina climatizada, una casa amigable para ni\u00f1os con \u00e1rea de juegos, o una escapada rom\u00e1ntica para dos, le ayudaremos a encontrar el alojamiento perfecto. Ofrecemos propiedades para todos los gustos, incluidas algunas que todav\u00eda no se encuentran publicadas en l\u00ednea. \u00a1Cont\u00e1ctenos para obtener asesoramiento personalizado! Estaremos encantados de asistirle en varios idiomas.<\/p>\n<p class=\"has-line-data\" data-line-start=\"14\" data-line-end=\"15\"><strong>Contacto f\u00e1cil y r\u00e1pido<\/strong><\/p>\n<p class=\"has-line-data\" data-line-start=\"16\" data-line-end=\"17\">No dude en ponerse en contacto si tiene alguna pregunta o desea m\u00e1s informaci\u00f3n sobre nuestra oferta:<\/p>\n<p>Jos Oostveen<\/p>\n<ul>\n<li class=\"has-line-data\" data-line-start=\"18\" data-line-end=\"19\"><strong>Formulario de contacto:<\/strong> Disponible en <a href=\"https:\/\/gbr01.safelinks.protection.outlook.com\/?url=http%3A%2F%2Frentasunnyplace.com%2F&amp;data=05%7C02%7C%7C1c7702f989234754920e08dd01a15ad5%7C84df9e7fe9f640afb435aaaaaaaaaaaa%7C1%7C0%7C638668514711149527%7CUnknown%7CTWFpbGZsb3d8eyJFbXB0eU1hcGkiOnRydWUsIlYiOiIwLjAuMDAwMCIsIlAiOiJXaW4zMiIsIkFOIjoiTWFpbCIsIldUIjoyfQ%3D%3D%7C0%7C%7C%7C&amp;sdata=VjaX4WApCWDkzp8trw1oPkJx66dUdZjk%2Ftpp3ouxt80%3D&amp;reserved=0\" originalsrc=\"https:\/\/rentasunnyplace.com\/\" shash=\"uj8zeynhQPqjG0Q0Daz+3xxfuMRVRCEkgOX5SFM3K8QFM1EFBWA1n2gCndrfEod0pBJ15TkytssC8y0u5SAFhuprHeKXPC9kkOcnDe0SbAhAAw+0QPBo8WiHUYNM+A45m2uAoDE8dR6pMgEdXz33r5OQgJNmSU5Bv0YPXQM3tAA=\" moz-do-not-send=\"true\">rentasunnyplace.com<\/a><\/li>\n<li class=\"has-line-data\" data-line-start=\"19\" data-line-end=\"20\"><strong>Correo electr\u00f3nico:<\/strong> <a href=\"mailto:info@rentasunnyplace.com\" class=\"moz-txt-link-freetext\" moz-do-not-send=\"true\">info@rentasunnyplace.com<\/a><\/li>\n<li class=\"has-line-data\" data-line-start=\"20\" data-line-end=\"22\"><strong>Tel\u00e9fono\/WhatsApp:<\/strong> +34 664 763 191<\/li>\n<\/ul>\n<p class=\"has-line-data\" data-line-start=\"22\" data-line-end=\"23\">Nos comprometemos a responder todas las consultas en un plazo m\u00e1ximo de una hora.<\/p>\n<p class=\"has-line-data\" data-line-start=\"24\" data-line-end=\"25\"><strong>\u00a1Su Vacaci\u00f3n So\u00f1ada en la Costa del Sol Comienza Aqu\u00ed!<\/strong><\/p>\n<p class=\"has-line-data\" data-line-start=\"26\" data-line-end=\"27\">Disfrute del mejor clima de Europa y descubra la tranquilidad, el espacio y el lujo de nuestras propiedades. Rentasunnyplace es su socio ideal para ofrecerle comodidad, un servicio personalizado y la promesa de unas vacaciones inolvidables.<\/p>\n<\/div>\n<\/div>\n<p>&nbsp;<\/p>\n<p>&nbsp;<\/p>\n<p>[\/et_pb_text][\/et_pb_column][et_pb_column type=\u00bb1_2&#8243; _builder_version=\u00bb4.16&#8243; global_colors_info=\u00bb{}\u00bb][et_pb_image src=\u00bbhttps:\/\/rentasunnyplace.com\/wp-content\/uploads\/2019\/11\/Huiskamer.jpg\u00bb _builder_version=\u00bb4.16&#8243; border_radii=\u00bbon|15px|15px|15px|15px\u00bb global_colors_info=\u00bb{}\u00bb][\/et_pb_image][et_pb_image src=\u00bbhttps:\/\/rentasunnyplace.com\/wp-content\/uploads\/2019\/11\/Eetkamer.jpg\u00bb _builder_version=\u00bb4.16&#8243; custom_margin=\u00bb25px||||false|false\u00bb border_radii=\u00bbon|15px|15px|15px|15px\u00bb global_colors_info=\u00bb{}\u00bb][\/et_pb_image][\/et_pb_column][\/et_pb_row][\/et_pb_section][et_pb_section fb_built=\u00bb1&#8243; _builder_version=\u00bb4.16&#8243; background_color=\u00bbrgba(0,0,0,0)\u00bb global_colors_info=\u00bb{}\u00bb][et_pb_row _builder_version=\u00bb4.16&#8243; global_colors_info=\u00bb{}\u00bb][et_pb_column type=\u00bb4_4&#8243; _builder_version=\u00bb4.16&#8243; global_colors_info=\u00bb{}\u00bb][\/et_pb_column][\/et_pb_row][\/et_pb_section]<\/p>\n","protected":false},"excerpt":{"rendered":"<p>Rent A Sunny Place Bienvenido a Rentasunnyplace \u2013 Su Especialista en Alquileres de Vacaciones de Lujo en la Costa del Sol En Rentasunnyplace, nos especializamos en el alquiler de viviendas de lujo en la soleada Costa del Sol, al este de M\u00e1laga. Con m\u00e1s de 10 a\u00f1os de experiencia, nos dedicamos a crear experiencias vacacionales [&hellip;]<\/p>\n","protected":false},"author":1,"featured_media":0,"parent":0,"menu_order":0,"comment_status":"closed","ping_status":"closed","template":"","meta":{"_acf_changed":false,"_et_pb_use_builder":"on","_et_pb_old_content":"<!-- wp:divi\/placeholder \/-->","_et_gb_content_width":"","footnotes":""},"class_list":["post-3138","page","type-page","status-publish","hentry"],"acf":[],"_links":{"self":[{"href":"https:\/\/rentasunnyplace.com\/es\/wp-json\/wp\/v2\/pages\/3138","targetHints":{"allow":["GET"]}}],"collection":[{"href":"https:\/\/rentasunnyplace.com\/es\/wp-json\/wp\/v2\/pages"}],"about":[{"href":"https:\/\/rentasunnyplace.com\/es\/wp-json\/wp\/v2\/types\/page"}],"author":[{"embeddable":true,"href":"https:\/\/rentasunnyplace.com\/es\/wp-json\/wp\/v2\/users\/1"}],"replies":[{"embeddable":true,"href":"https:\/\/rentasunnyplace.com\/es\/wp-json\/wp\/v2\/comments?post=3138"}],"version-history":[{"count":2,"href":"https:\/\/rentasunnyplace.com\/es\/wp-json\/wp\/v2\/pages\/3138\/revisions"}],"predecessor-version":[{"id":35009,"href":"https:\/\/rentasunnyplace.com\/es\/wp-json\/wp\/v2\/pages\/3138\/revisions\/35009"}],"wp:attachment":[{"href":"https:\/\/rentasunnyplace.com\/es\/wp-json\/wp\/v2\/media?parent=3138"}],"curies":[{"name":"wp","href":"https:\/\/api.w.org\/{rel}","templated":true}]}}